{"id":502,"date":"2020-10-12T00:49:24","date_gmt":"2020-10-12T00:49:24","guid":{"rendered":"https:\/\/granda.com\/?page_id=502"},"modified":"2022-10-24T16:06:37","modified_gmt":"2022-10-24T16:06:37","slug":"goldsmiths","status":"publish","type":"page","link":"https:\/\/granda.com\/en\/orfebreria\/","title":{"rendered":"Metalwork"},"content":{"rendered":"<h2 class=\"wp-block-heading\">Sophisticated handcrafted goldsmith pieces made with the best materials.<\/h2>\n\n\n\n<p>We are experts in <a href=\"https:\/\/granda.com\/en\/goldsmiths\/\" data-type=\"URL\" data-id=\"https:\/\/granda.com\/orfebreria\/\">goldsmithing<\/a> and we apply the traditional artistic techniques of these trades such as cold forging, carving, chiseling and embossing or fire enameling, and we handcraft chalices, ciboria, candlesticks, altar crosses, censers and tabernacles, among other religious elements.<\/p>","protected":false},"excerpt":{"rendered":"<p>Piezas de orfebrer\u00eda artesanales muy sofisticadas y con los mejores materiales Somos expertos en orfebrer\u00eda y aplicamos las t\u00e9cnicas art\u00edsticas tradicionales de estos oficios como la forja en fr\u00edo, el entallado, el cincelado y repujado o los esmaltes al fuego, y realizamos a mano c\u00e1lices, copones, candeleros, cruces de altar, incensarios y sagrarios, entre otros [&hellip;]<\/p>\n","protected":false},"author":5,"featured_media":825,"parent":0,"menu_order":0,"comment_status":"closed","ping_status":"closed","template":"","meta":{"_acf_changed":false,"_monsterinsights_skip_tracking":false,"_monsterinsights_sitenote_active":false,"_monsterinsights_sitenote_note":"","_monsterinsights_sitenote_category":0,"footnotes":""},"class_list":["post-502","page","type-page","status-publish","has-post-thumbnail","hentry"],"acf":[],"_links":{"self":[{"href":"https:\/\/granda.com\/en\/wp-json\/wp\/v2\/pages\/502","targetHints":{"allow":["GET"]}}],"collection":[{"href":"https:\/\/granda.com\/en\/wp-json\/wp\/v2\/pages"}],"about":[{"href":"https:\/\/granda.com\/en\/wp-json\/wp\/v2\/types\/page"}],"author":[{"embeddable":true,"href":"https:\/\/granda.com\/en\/wp-json\/wp\/v2\/users\/5"}],"replies":[{"embeddable":true,"href":"https:\/\/granda.com\/en\/wp-json\/wp\/v2\/comments?post=502"}],"version-history":[{"count":47,"href":"https:\/\/granda.com\/en\/wp-json\/wp\/v2\/pages\/502\/revisions"}],"predecessor-version":[{"id":17606,"href":"https:\/\/granda.com\/en\/wp-json\/wp\/v2\/pages\/502\/revisions\/17606"}],"wp:featuredmedia":[{"embeddable":true,"href":"https:\/\/granda.com\/en\/wp-json\/wp\/v2\/media\/825"}],"wp:attachment":[{"href":"https:\/\/granda.com\/en\/wp-json\/wp\/v2\/media?parent=502"}],"curies":[{"name":"wp","href":"https:\/\/api.w.org\/{rel}","templated":true}]}}